{"id":216,"date":"2009-06-08T22:21:07","date_gmt":"2009-06-08T21:21:07","guid":{"rendered":"http:\/\/www.mrspink.de\/blog\/?page_id=216"},"modified":"2013-05-13T21:59:25","modified_gmt":"2013-05-13T19:59:25","slug":"impressum","status":"publish","type":"page","link":"http:\/\/www.rebekkamoench.de\/?page_id=216","title":{"rendered":"IMPRESSUM"},"content":{"rendered":"<p>&nbsp;<\/p>\n<p>\n<a href=\"http:\/\/www.rebekkamoench.de\/?page_id=2\"><strong><span style=\"color: #cc0000;\">Rebekka M\u00f6nch<\/span><\/strong><\/a><\/p>\n<p>Martin-Luther-Str. 7 | 99425 Weimar<\/p>\n<p>03643. 25 16 75<br \/>\n0176. 320 700 46<\/p>\n<p>email: post@rebekkamoench.de<\/p>\n<p>St.-Nr. 162\/250\/09159<\/p>\n<p><em>Gestaltung: <\/em><a href=\"http:\/\/www.mrspink.de\" target=\"_blank\"><span style=\"color:#cc0000\">www.mrspink.de<\/span><\/a><\/p>\n<p>&nbsp;<\/p>\n<p>\n<strong>Rechtliche Hinweise<\/strong><\/p>\n<p>Die Rechte an Bildern und Texten liegen ausschlie\u00dflich bei Rebekka M\u00f6nch. Bilder und Texte d\u00fcrfen nicht unerlaubt kopiert oder weitergeleitet werden.<\/p>\n<p>Trotz sorgf\u00e4ltiger inhaltlicher Kontrolle wird hiermit ausdr\u00fccklich keine Haftung f\u00fcr die Inhalte externer Links \u00fcbernommen. F\u00fcr den Inhalt der verlinkten Seiten sind ausschlie\u00dflich deren Betreiber verantwortlich.<\/p>\n","protected":false},"excerpt":{"rendered":"<p>&nbsp; Rebekka M\u00f6nch Martin-Luther-Str. 7 | 99425 Weimar 03643. 25 16 75 0176. 320 700 46 email: post@rebekkamoench.de St.-Nr. 162\/250\/09159 Gestaltung: www.mrspink.de &nbsp; Rechtliche Hinweise Die Rechte an Bildern und Texten liegen ausschlie\u00dflich bei Rebekka M\u00f6nch. Bilder und Texte d\u00fcrfen nicht unerlaubt kopiert oder weitergeleitet werden. Trotz sorgf\u00e4ltiger inhaltlicher Kontrolle wird hiermit ausdr\u00fccklich keine Haftung [&hellip;]<\/p>\n","protected":false},"author":1,"featured_media":0,"parent":0,"menu_order":0,"comment_status":"open","ping_status":"open","template":"","meta":[],"_links":{"self":[{"href":"http:\/\/www.rebekkamoench.de\/index.php?rest_route=\/wp\/v2\/pages\/216"}],"collection":[{"href":"http:\/\/www.rebekkamoench.de\/index.php?rest_route=\/wp\/v2\/pages"}],"about":[{"href":"http:\/\/www.rebekkamoench.de\/index.php?rest_route=\/wp\/v2\/types\/page"}],"author":[{"embeddable":true,"href":"http:\/\/www.rebekkamoench.de\/index.php?rest_route=\/wp\/v2\/users\/1"}],"replies":[{"embeddable":true,"href":"http:\/\/www.rebekkamoench.de\/index.php?rest_route=%2Fwp%2Fv2%2Fcomments&post=216"}],"version-history":[{"count":25,"href":"http:\/\/www.rebekkamoench.de\/index.php?rest_route=\/wp\/v2\/pages\/216\/revisions"}],"predecessor-version":[{"id":604,"href":"http:\/\/www.rebekkamoench.de\/index.php?rest_route=\/wp\/v2\/pages\/216\/revisions\/604"}],"wp:attachment":[{"href":"http:\/\/www.rebekkamoench.de\/index.php?rest_route=%2Fwp%2Fv2%2Fmedia&parent=216"}],"curies":[{"name":"wp","href":"https:\/\/api.w.org\/{rel}","templated":true}]}}