{"id":31,"date":"2009-06-03T11:33:25","date_gmt":"2009-06-03T10:33:25","guid":{"rendered":"http:\/\/www.mrspink.de\/blog\/?page_id=31"},"modified":"2011-07-21T12:37:24","modified_gmt":"2011-07-21T10:37:24","slug":"bild_der_frau","status":"publish","type":"page","link":"http:\/\/www.rebekkamoench.de\/?page_id=31","title":{"rendered":"BILD DER FRAU"},"content":{"rendered":"<p><em>Diplomarbeit \/\/ Bauhaus-Universit\u00e4t Weimar, 2008<\/em><\/p>\n<p><a style=\"text-decoration: none;\" title=\"Rebekka M\u00f6nch \/\/ Bild der Frau \/\/ Weimar 2008\" href=\"http:\/\/www.rebekkamoench.de\/wp-content\/uploads\/BDF_web_view\/RM_BDF_2008_web_view_01.jpg\" rel=\"lightbox[31]\"><span style=\"color: #fff;\"><img decoding=\"async\" loading=\"lazy\" class=\"alignleft size-full wp-image-38\" src=\"http:\/\/www.rebekkamoench.de\/wp-content\/uploads\/BDF_web_view\/RM_BDF_2008_web_view_01.jpg\" alt=\"\" width=\"544\" height=\"448\" \/><\/span><\/a><\/p>\n<p>17 Fotografien, c-print, 50 x 60 cm<\/p>\n<p>gepr\u00fcft und betreut von Prof. <a href=\"http:\/\/webuser.uni-weimar.de\/~stamm\/\" target=\"_blank\"><span style=\"color: #000000;\"><span style=\"text-decoration: none;\">Hermann Stamm<\/span><\/span><\/a> und Dipl.-Fotografin<span style=\"color: #000000;\"> <\/span><a href=\"http:\/\/www.caroline-hake.de\" target=\"_blank\"><span style=\"color: #000000;\"><span style=\"text-decoration: none;\">Caroline Hake<\/span><\/span><\/a><br \/>\n<a href=\"http:\/\/diplom.rebekkamoench.de\" target=\"_blank\"><span style=\"color: #cc0000;\">Diplom Rebekka M\u00f6nch<\/span><\/a><br \/>\n<a title=\"Rebekka M\u00f6nch \/\/ Bild der Frau \/\/ Weimar 2008\" href=\"http:\/\/www.rebekkamoench.de\/wp-content\/uploads\/BDF_web_view\/RM_BDF_2008_web_view_02.jpg\" rel=\"lightbox[31]\"><br \/>\n<\/a><a title=\"Rebekka M\u00f6nch \/\/ Bild der Frau \/\/ Weimar 2008\" href=\"http:\/\/www.rebekkamoench.de\/wp-content\/uploads\/BDF_web_view\/RM_BDF_2008_web_view_03.jpg\" rel=\"lightbox[31]\"><br \/>\n<\/a><a title=\"Rebekka M\u00f6nch \/\/ Bild der Frau \/\/ Weimar 2008\" href=\"http:\/\/www.rebekkamoench.de\/wp-content\/uploads\/BDF_web_view\/RM_BDF_2008_web_view_04.jpg\" rel=\"lightbox[31]\"><br \/>\n<\/a><a title=\"Rebekka M\u00f6nch \/\/ Bild der Frau \/\/ Weimar 2008\" href=\"http:\/\/www.rebekkamoench.de\/wp-content\/uploads\/BDF_web_view\/RM_BDF_2008_web_view_05.jpg\" rel=\"lightbox[31]\"><br \/>\n<\/a><a title=\"Rebekka M\u00f6nch \/\/ Bild der Frau \/\/ Weimar 2008\" href=\"http:\/\/www.rebekkamoench.de\/wp-content\/uploads\/BDF_web_view\/RM_BDF_2008_web_view_06.jpg\" rel=\"lightbox[31]\"><br \/>\n<\/a><a title=\"Rebekka M\u00f6nch \/\/ Bild der Frau \/\/ Weimar 2008\" href=\"http:\/\/www.rebekkamoench.de\/wp-content\/uploads\/BDF_web_view\/RM_BDF_2008_web_view_07.jpg\" rel=\"lightbox[31]\"><br \/>\n<\/a><a title=\"Rebekka M\u00f6nch \/\/ Bild der Frau \/\/ Weimar 2008\" href=\"http:\/\/www.rebekkamoench.de\/wp-content\/uploads\/BDF_web_view\/RM_BDF_2008_web_view_08.jpg\" rel=\"lightbox[31]\"><br \/>\n<\/a><a title=\"Rebekka M\u00f6nch \/\/ Bild der Frau \/\/ Weimar 2008\" href=\"http:\/\/www.rebekkamoench.de\/wp-content\/uploads\/BDF_web_view\/RM_BDF_2008_web_view_09.jpg\" rel=\"lightbox[31]\"><br \/>\n<\/a><a title=\"Rebekka M\u00f6nch \/\/ Bild der Frau \/\/ Weimar 2008\" href=\"http:\/\/www.rebekkamoench.de\/wp-content\/uploads\/BDF_web_view\/RM_BDF_2008_web_view_10.jpg\" rel=\"lightbox[31]\"><br \/>\n<\/a><a title=\"Rebekka M\u00f6nch \/\/ Bild der Frau \/\/ Weimar 2008\" href=\"http:\/\/www.rebekkamoench.de\/wp-content\/uploads\/BDF_web_view\/RM_BDF_2008_web_view_11.jpg\" rel=\"lightbox[31]\"><br \/>\n<\/a><a title=\"Rebekka M\u00f6nch \/\/ Bild der Frau \/\/ Weimar 2008\" href=\"http:\/\/www.rebekkamoench.de\/wp-content\/uploads\/BDF_web_view\/RM_BDF_2008_web_view_12.jpg\" rel=\"lightbox[31]\"><br \/>\n<\/a><a title=\"Rebekka M\u00f6nch \/\/ Bild der Frau \/\/ Weimar 2008\" href=\"http:\/\/www.rebekkamoench.de\/wp-content\/uploads\/BDF_web_view\/RM_BDF_2008_web_view_13.jpg\" rel=\"lightbox[31]\"><br \/>\n<\/a><a title=\"Rebekka M\u00f6nch \/\/ Bild der Frau \/\/ Weimar 2008\" href=\"http:\/\/www.rebekkamoench.de\/wp-content\/uploads\/BDF_web_view\/RM_BDF_2008_web_view_14.jpg\" rel=\"lightbox[31]\"><br \/>\n<\/a><a title=\"Rebekka M\u00f6nch \/\/ Bild der Frau \/\/ Weimar 2008\" href=\"http:\/\/www.rebekkamoench.de\/wp-content\/uploads\/BDF_web_view\/RM_BDF_2008_web_view_15.jpg\" rel=\"lightbox[31]\"><br \/>\n<\/a><a title=\"Rebekka M\u00f6nch \/\/ Bild der Frau \/\/ Weimar 2008\" href=\"http:\/\/www.rebekkamoench.de\/wp-content\/uploads\/BDF_web_view\/RM_BDF_2008_web_view_16.jpg\" rel=\"lightbox[31]\"><br \/>\n<\/a><a title=\"Rebekka M\u00f6nch \/\/ Bild der Frau \/\/ Weimar 2008\" href=\"http:\/\/www.rebekkamoench.de\/wp-content\/uploads\/BDF_web_view\/RM_BDF_2008_web_view_17.jpg\" rel=\"lightbox[31]\"><br \/>\n<\/a><\/p>\n","protected":false},"excerpt":{"rendered":"<p>Diplomarbeit \/\/ Bauhaus-Universit\u00e4t Weimar, 2008 17 Fotografien, c-print, 50 x 60 cm gepr\u00fcft und betreut von Prof. Hermann Stamm und Dipl.-Fotografin Caroline Hake Diplom Rebekka M\u00f6nch<\/p>\n","protected":false},"author":1,"featured_media":0,"parent":0,"menu_order":0,"comment_status":"open","ping_status":"open","template":"","meta":[],"_links":{"self":[{"href":"http:\/\/www.rebekkamoench.de\/index.php?rest_route=\/wp\/v2\/pages\/31"}],"collection":[{"href":"http:\/\/www.rebekkamoench.de\/index.php?rest_route=\/wp\/v2\/pages"}],"about":[{"href":"http:\/\/www.rebekkamoench.de\/index.php?rest_route=\/wp\/v2\/types\/page"}],"author":[{"embeddable":true,"href":"http:\/\/www.rebekkamoench.de\/index.php?rest_route=\/wp\/v2\/users\/1"}],"replies":[{"embeddable":true,"href":"http:\/\/www.rebekkamoench.de\/index.php?rest_route=%2Fwp%2Fv2%2Fcomments&post=31"}],"version-history":[{"count":24,"href":"http:\/\/www.rebekkamoench.de\/index.php?rest_route=\/wp\/v2\/pages\/31\/revisions"}],"predecessor-version":[{"id":218,"href":"http:\/\/www.rebekkamoench.de\/index.php?rest_route=\/wp\/v2\/pages\/31\/revisions\/218"}],"wp:attachment":[{"href":"http:\/\/www.rebekkamoench.de\/index.php?rest_route=%2Fwp%2Fv2%2Fmedia&parent=31"}],"curies":[{"name":"wp","href":"https:\/\/api.w.org\/{rel}","templated":true}]}}